{"id":58,"date":"2024-08-29T15:50:24","date_gmt":"2024-08-29T13:50:24","guid":{"rendered":"http:\/\/asbllag.cluster029.hosting.ovh.net\/?page_id=58"},"modified":"2025-06-04T13:13:10","modified_gmt":"2025-06-04T11:13:10","slug":"service-residentiel-pour-adultes-sra","status":"publish","type":"page","link":"https:\/\/www.asbllagoutrielle.be\/index.php\/service-residentiel-pour-adultes-sra\/","title":{"rendered":"Services Aviq &#8211; SRA \/ SLS \/ Passerelle"},"content":{"rendered":"\t\t<div data-elementor-type=\"wp-page\" data-elementor-id=\"58\" class=\"elementor elementor-58\">\n\t\t\t\t<div class=\"elementor-element elementor-element-b4fde67 e-flex e-con-boxed e-con e-parent\" data-id=\"b4fde67\" data-element_type=\"container\">\n\t\t\t\t\t<div class=\"e-con-inner\">\n\t\t<div class=\"elementor-element elementor-element-85fdbee e-con-full e-flex e-con e-child\" data-id=\"85fdbee\" data-element_type=\"container\">\n\t\t\t\t<div class=\"elementor-element elementor-element-a3cd75b elementor-widget elementor-widget-heading\" data-id=\"a3cd75b\" data-element_type=\"widget\" data-widget_type=\"heading.default\">\n\t\t\t\t<div class=\"elementor-widget-container\">\n\t\t\t<style>\/*! elementor - v3.23.0 - 05-08-2024 *\/\n.elementor-heading-title{padding:0;margin:0;line-height:1}.elementor-widget-heading .elementor-heading-title[class*=elementor-size-]>a{color:inherit;font-size:inherit;line-height:inherit}.elementor-widget-heading .elementor-heading-title.elementor-size-small{font-size:15px}.elementor-widget-heading .elementor-heading-title.elementor-size-medium{font-size:19px}.elementor-widget-heading .elementor-heading-title.elementor-size-large{font-size:29px}.elementor-widget-heading .elementor-heading-title.elementor-size-xl{font-size:39px}.elementor-widget-heading .elementor-heading-title.elementor-size-xxl{font-size:59px}<\/style><h2 class=\"elementor-heading-title elementor-size-default\">Service R\u00e9sidentiel pour Adultes<\/h2>\t\t<\/div>\n\t\t\t\t<\/div>\n\t\t\t\t<div class=\"elementor-element elementor-element-a043f38 elementor-widget elementor-widget-image\" data-id=\"a043f38\" data-element_type=\"widget\" data-widget_type=\"image.default\">\n\t\t\t\t<div class=\"elementor-widget-container\">\n\t\t\t<style>\/*! elementor - v3.23.0 - 05-08-2024 *\/\n.elementor-widget-image{text-align:center}.elementor-widget-image a{display:inline-block}.elementor-widget-image a img[src$=\".svg\"]{width:48px}.elementor-widget-image img{vertical-align:middle;display:inline-block}<\/style>\t\t\t\t\t\t\t\t\t\t<img fetchpriority=\"high\" decoding=\"async\" width=\"300\" height=\"225\" src=\"https:\/\/www.asbllagoutrielle.be\/wp-content\/uploads\/2024\/08\/DSCF8084-300x225.jpg\" class=\"attachment-medium size-medium wp-image-26\" alt=\"\" srcset=\"https:\/\/www.asbllagoutrielle.be\/wp-content\/uploads\/2024\/08\/DSCF8084-300x225.jpg 300w, https:\/\/www.asbllagoutrielle.be\/wp-content\/uploads\/2024\/08\/DSCF8084-1024x768.jpg 1024w, https:\/\/www.asbllagoutrielle.be\/wp-content\/uploads\/2024\/08\/DSCF8084-768x576.jpg 768w, https:\/\/www.asbllagoutrielle.be\/wp-content\/uploads\/2024\/08\/DSCF8084-1536x1152.jpg 1536w, https:\/\/www.asbllagoutrielle.be\/wp-content\/uploads\/2024\/08\/DSCF8084-2048x1536.jpg 2048w\" sizes=\"(max-width: 300px) 100vw, 300px\" \/>\t\t\t\t\t\t\t\t\t\t\t\t\t<\/div>\n\t\t\t\t<\/div>\n\t\t\t\t<div class=\"elementor-element elementor-element-d386b00 elementor-widget elementor-widget-text-editor\" data-id=\"d386b00\" data-element_type=\"widget\" data-widget_type=\"text-editor.default\">\n\t\t\t\t<div class=\"elementor-widget-container\">\n\t\t\t<style>\/*! elementor - v3.23.0 - 05-08-2024 *\/\n.elementor-widget-text-editor.elementor-drop-cap-view-stacked .elementor-drop-cap{background-color:#69727d;color:#fff}.elementor-widget-text-editor.elementor-drop-cap-view-framed .elementor-drop-cap{color:#69727d;border:3px solid;background-color:transparent}.elementor-widget-text-editor:not(.elementor-drop-cap-view-default) .elementor-drop-cap{margin-top:8px}.elementor-widget-text-editor:not(.elementor-drop-cap-view-default) .elementor-drop-cap-letter{width:1em;height:1em}.elementor-widget-text-editor .elementor-drop-cap{float:left;text-align:center;line-height:1;font-size:50px}.elementor-widget-text-editor .elementor-drop-cap-letter{display:inline-block}<\/style>\t\t\t\t<p>Le SRA accueille des personnes en situation de handicap qui vivent au sein d\u2019un m\u00eame foyer. Notre SRA est mixte et pr\u00e9sente une capacit\u00e9 d\u2019accueil de 17 r\u00e9sidents.<\/p>\t\t\t\t\t\t<\/div>\n\t\t\t\t<\/div>\n\t\t\t\t<div class=\"elementor-element elementor-element-50f51ec elementor-align-center elementor-widget elementor-widget-button\" data-id=\"50f51ec\" data-element_type=\"widget\" data-widget_type=\"button.default\">\n\t\t\t\t<div class=\"elementor-widget-container\">\n\t\t\t\t\t<div class=\"elementor-button-wrapper\">\n\t\t\t<a class=\"elementor-button elementor-button-link elementor-size-sm\" href=\"\">\n\t\t\t\t\t\t<span class=\"elementor-button-content-wrapper\">\n\t\t\t\t\t\t\t\t\t<span class=\"elementor-button-text\">Cliquez ici<\/span>\n\t\t\t\t\t<\/span>\n\t\t\t\t\t<\/a>\n\t\t<\/div>\n\t\t\t\t<\/div>\n\t\t\t\t<\/div>\n\t\t\t\t<\/div>\n\t\t<div class=\"elementor-element elementor-element-a8af9f3 e-con-full e-flex e-con e-child\" data-id=\"a8af9f3\" data-element_type=\"container\">\n\t\t\t\t<div class=\"elementor-element elementor-element-cac4c1c elementor-widget elementor-widget-heading\" data-id=\"cac4c1c\" data-element_type=\"widget\" data-widget_type=\"heading.default\">\n\t\t\t\t<div class=\"elementor-widget-container\">\n\t\t\t<h2 class=\"elementor-heading-title elementor-size-default\">Service de Logements Supervis\u00e9s<\/h2>\t\t<\/div>\n\t\t\t\t<\/div>\n\t\t\t\t<div class=\"elementor-element elementor-element-bc784d7 elementor-widget elementor-widget-image\" data-id=\"bc784d7\" data-element_type=\"widget\" data-widget_type=\"image.default\">\n\t\t\t\t<div class=\"elementor-widget-container\">\n\t\t\t\t\t\t\t\t\t\t\t\t\t<img decoding=\"async\" width=\"300\" height=\"225\" src=\"https:\/\/www.asbllagoutrielle.be\/wp-content\/uploads\/2025\/06\/100093129_332713011025222_2089949820880945152_n-300x225.jpg\" class=\"attachment-medium size-medium wp-image-506\" alt=\"\" srcset=\"https:\/\/www.asbllagoutrielle.be\/wp-content\/uploads\/2025\/06\/100093129_332713011025222_2089949820880945152_n-300x225.jpg 300w, https:\/\/www.asbllagoutrielle.be\/wp-content\/uploads\/2025\/06\/100093129_332713011025222_2089949820880945152_n.jpg 373w\" sizes=\"(max-width: 300px) 100vw, 300px\" \/>\t\t\t\t\t\t\t\t\t\t\t\t\t<\/div>\n\t\t\t\t<\/div>\n\t\t\t\t<div class=\"elementor-element elementor-element-abe5fe1 elementor-widget elementor-widget-text-editor\" data-id=\"abe5fe1\" data-element_type=\"widget\" data-widget_type=\"text-editor.default\">\n\t\t\t\t<div class=\"elementor-widget-container\">\n\t\t\t\t\t\t\t<p>Le SLS accueille 8 personnes en situation de handicap dans des b\u00e2timents annexes au SRA. Les b\u00e9n\u00e9ficiaires y logent seuls ou en petits groupes et y sont ind\u00e9pendants.<\/p>\t\t\t\t\t\t<\/div>\n\t\t\t\t<\/div>\n\t\t\t\t<div class=\"elementor-element elementor-element-084fd88 elementor-align-center elementor-widget elementor-widget-button\" data-id=\"084fd88\" data-element_type=\"widget\" data-widget_type=\"button.default\">\n\t\t\t\t<div class=\"elementor-widget-container\">\n\t\t\t\t\t<div class=\"elementor-button-wrapper\">\n\t\t\t<a class=\"elementor-button elementor-button-link elementor-size-sm\" href=\"\">\n\t\t\t\t\t\t<span class=\"elementor-button-content-wrapper\">\n\t\t\t\t\t\t\t\t\t<span class=\"elementor-button-text\">Cliquez ici<\/span>\n\t\t\t\t\t<\/span>\n\t\t\t\t\t<\/a>\n\t\t<\/div>\n\t\t\t\t<\/div>\n\t\t\t\t<\/div>\n\t\t\t\t<\/div>\n\t\t<div class=\"elementor-element elementor-element-54ae50f e-con-full e-flex e-con e-child\" data-id=\"54ae50f\" data-element_type=\"container\">\n\t\t\t\t<div class=\"elementor-element elementor-element-3503cea elementor-widget elementor-widget-heading\" data-id=\"3503cea\" data-element_type=\"widget\" data-widget_type=\"heading.default\">\n\t\t\t\t<div class=\"elementor-widget-container\">\n\t\t\t<h2 class=\"elementor-heading-title elementor-size-default\">Projet Passerelle<\/h2>\t\t<\/div>\n\t\t\t\t<\/div>\n\t\t\t\t<div class=\"elementor-element elementor-element-0334d8a elementor-widget elementor-widget-image\" data-id=\"0334d8a\" data-element_type=\"widget\" data-widget_type=\"image.default\">\n\t\t\t\t<div class=\"elementor-widget-container\">\n\t\t\t\t\t\t\t\t\t\t\t\t\t<img decoding=\"async\" width=\"300\" height=\"169\" src=\"https:\/\/www.asbllagoutrielle.be\/wp-content\/uploads\/2025\/06\/projet-passerelle-300x169.jpg\" class=\"attachment-medium size-medium wp-image-517\" alt=\"\" srcset=\"https:\/\/www.asbllagoutrielle.be\/wp-content\/uploads\/2025\/06\/projet-passerelle-300x169.jpg 300w, https:\/\/www.asbllagoutrielle.be\/wp-content\/uploads\/2025\/06\/projet-passerelle-1024x576.jpg 1024w, https:\/\/www.asbllagoutrielle.be\/wp-content\/uploads\/2025\/06\/projet-passerelle-768x432.jpg 768w, https:\/\/www.asbllagoutrielle.be\/wp-content\/uploads\/2025\/06\/projet-passerelle-1536x864.jpg 1536w, https:\/\/www.asbllagoutrielle.be\/wp-content\/uploads\/2025\/06\/projet-passerelle-2048x1152.jpg 2048w\" sizes=\"(max-width: 300px) 100vw, 300px\" \/>\t\t\t\t\t\t\t\t\t\t\t\t\t<\/div>\n\t\t\t\t<\/div>\n\t\t\t\t<div class=\"elementor-element elementor-element-0a0d418 elementor-widget elementor-widget-text-editor\" data-id=\"0a0d418\" data-element_type=\"widget\" data-widget_type=\"text-editor.default\">\n\t\t\t\t<div class=\"elementor-widget-container\">\n\t\t\t\t\t\t\t<p>Le projet passerelle est un projet propre \u00e0 l\u2019\u00e9quipe de la Goutrielle qui est propos\u00e9 \u00e0 certains b\u00e9n\u00e9ficiaires afin de pouvoir pr\u00e9parer leur passage du SRA vers le SLS.<\/p>\t\t\t\t\t\t<\/div>\n\t\t\t\t<\/div>\n\t\t\t\t<div class=\"elementor-element elementor-element-8c7521f elementor-align-center elementor-widget elementor-widget-button\" data-id=\"8c7521f\" data-element_type=\"widget\" data-widget_type=\"button.default\">\n\t\t\t\t<div class=\"elementor-widget-container\">\n\t\t\t\t\t<div class=\"elementor-button-wrapper\">\n\t\t\t<a class=\"elementor-button elementor-button-link elementor-size-sm\" href=\"#\">\n\t\t\t\t\t\t<span class=\"elementor-button-content-wrapper\">\n\t\t\t\t\t\t\t\t\t<span class=\"elementor-button-text\">Cliquez ici<\/span>\n\t\t\t\t\t<\/span>\n\t\t\t\t\t<\/a>\n\t\t<\/div>\n\t\t\t\t<\/div>\n\t\t\t\t<\/div>\n\t\t\t\t<\/div>\n\t\t<div class=\"elementor-element elementor-element-e129763 e-con-full e-flex e-con e-child\" data-id=\"e129763\" data-element_type=\"container\">\n\t\t\t\t<\/div>\n\t\t\t\t\t<\/div>\n\t\t\t\t<\/div>\n\t\t\t\t<\/div>\n\t\t","protected":false},"excerpt":{"rendered":"<p>Service R\u00e9sidentiel pour Adultes Le SRA accueille des personnes en situation de handicap qui vivent au sein d\u2019un m\u00eame foyer. Notre SRA est mixte et pr\u00e9sente une capacit\u00e9 d\u2019accueil de 17 r\u00e9sidents. Cliquez ici Service de Logements Supervis\u00e9s Le SLS accueille 8 personnes en situation de handicap dans des b\u00e2timents annexes au SRA. Les b\u00e9n\u00e9ficiaires [&hellip;]<\/p>\n","protected":false},"author":1,"featured_media":0,"parent":0,"menu_order":0,"comment_status":"closed","ping_status":"closed","template":"","meta":{"footnotes":""},"class_list":["post-58","page","type-page","status-publish","hentry","post"],"_links":{"self":[{"href":"https:\/\/www.asbllagoutrielle.be\/index.php\/wp-json\/wp\/v2\/pages\/58","targetHints":{"allow":["GET"]}}],"collection":[{"href":"https:\/\/www.asbllagoutrielle.be\/index.php\/wp-json\/wp\/v2\/pages"}],"about":[{"href":"https:\/\/www.asbllagoutrielle.be\/index.php\/wp-json\/wp\/v2\/types\/page"}],"author":[{"embeddable":true,"href":"https:\/\/www.asbllagoutrielle.be\/index.php\/wp-json\/wp\/v2\/users\/1"}],"replies":[{"embeddable":true,"href":"https:\/\/www.asbllagoutrielle.be\/index.php\/wp-json\/wp\/v2\/comments?post=58"}],"version-history":[{"count":12,"href":"https:\/\/www.asbllagoutrielle.be\/index.php\/wp-json\/wp\/v2\/pages\/58\/revisions"}],"predecessor-version":[{"id":586,"href":"https:\/\/www.asbllagoutrielle.be\/index.php\/wp-json\/wp\/v2\/pages\/58\/revisions\/586"}],"wp:attachment":[{"href":"https:\/\/www.asbllagoutrielle.be\/index.php\/wp-json\/wp\/v2\/media?parent=58"}],"curies":[{"name":"wp","href":"https:\/\/api.w.org\/{rel}","templated":true}]}}