{"id":169,"date":"2024-09-03T13:38:02","date_gmt":"2024-09-03T11:38:02","guid":{"rendered":"https:\/\/www.asbllagoutrielle.be\/?page_id=169"},"modified":"2025-06-03T12:50:45","modified_gmt":"2025-06-03T10:50:45","slug":"projet-passerelle","status":"publish","type":"page","link":"https:\/\/www.asbllagoutrielle.be\/index.php\/service-residentiel-pour-adultes-sra\/projet-passerelle\/","title":{"rendered":"Projet Passerelle"},"content":{"rendered":"\t\t<div data-elementor-type=\"wp-page\" data-elementor-id=\"169\" class=\"elementor elementor-169\">\n\t\t\t\t<div class=\"elementor-element elementor-element-432cb0c e-flex e-con-boxed e-con e-parent\" data-id=\"432cb0c\" data-element_type=\"container\">\n\t\t\t\t\t<div class=\"e-con-inner\">\n\t\t\t\t<div class=\"elementor-element elementor-element-943010d elementor-widget elementor-widget-image\" data-id=\"943010d\" data-element_type=\"widget\" data-widget_type=\"image.default\">\n\t\t\t\t<div class=\"elementor-widget-container\">\n\t\t\t<style>\/*! elementor - v3.23.0 - 05-08-2024 *\/\n.elementor-widget-image{text-align:center}.elementor-widget-image a{display:inline-block}.elementor-widget-image a img[src$=\".svg\"]{width:48px}.elementor-widget-image img{vertical-align:middle;display:inline-block}<\/style>\t\t\t\t\t\t\t\t\t\t<img fetchpriority=\"high\" decoding=\"async\" width=\"300\" height=\"169\" src=\"https:\/\/www.asbllagoutrielle.be\/wp-content\/uploads\/2025\/06\/projet-passerelle-300x169.jpg\" class=\"attachment-medium size-medium wp-image-517\" alt=\"\" srcset=\"https:\/\/www.asbllagoutrielle.be\/wp-content\/uploads\/2025\/06\/projet-passerelle-300x169.jpg 300w, https:\/\/www.asbllagoutrielle.be\/wp-content\/uploads\/2025\/06\/projet-passerelle-1024x576.jpg 1024w, https:\/\/www.asbllagoutrielle.be\/wp-content\/uploads\/2025\/06\/projet-passerelle-768x432.jpg 768w, https:\/\/www.asbllagoutrielle.be\/wp-content\/uploads\/2025\/06\/projet-passerelle-1536x864.jpg 1536w, https:\/\/www.asbllagoutrielle.be\/wp-content\/uploads\/2025\/06\/projet-passerelle-2048x1152.jpg 2048w\" sizes=\"(max-width: 300px) 100vw, 300px\" \/>\t\t\t\t\t\t\t\t\t\t\t\t\t<\/div>\n\t\t\t\t<\/div>\n\t\t\t\t\t<\/div>\n\t\t\t\t<\/div>\n\t\t<div class=\"elementor-element elementor-element-0f6657f e-flex e-con-boxed e-con e-parent\" data-id=\"0f6657f\" data-element_type=\"container\">\n\t\t\t\t\t<div class=\"e-con-inner\">\n\t\t\t\t<div class=\"elementor-element elementor-element-46a9ad5 elementor-widget elementor-widget-heading\" data-id=\"46a9ad5\" data-element_type=\"widget\" data-widget_type=\"heading.default\">\n\t\t\t\t<div class=\"elementor-widget-container\">\n\t\t\t<style>\/*! elementor - v3.23.0 - 05-08-2024 *\/\n.elementor-heading-title{padding:0;margin:0;line-height:1}.elementor-widget-heading .elementor-heading-title[class*=elementor-size-]>a{color:inherit;font-size:inherit;line-height:inherit}.elementor-widget-heading .elementor-heading-title.elementor-size-small{font-size:15px}.elementor-widget-heading .elementor-heading-title.elementor-size-medium{font-size:19px}.elementor-widget-heading .elementor-heading-title.elementor-size-large{font-size:29px}.elementor-widget-heading .elementor-heading-title.elementor-size-xl{font-size:39px}.elementor-widget-heading .elementor-heading-title.elementor-size-xxl{font-size:59px}<\/style><h2 class=\"elementor-heading-title elementor-size-default\">Le projet passerelle, qu'est-ce que c'est ?<\/h2>\t\t<\/div>\n\t\t\t\t<\/div>\n\t\t\t\t\t<\/div>\n\t\t\t\t<\/div>\n\t\t<div class=\"elementor-element elementor-element-7357f7f e-flex e-con-boxed e-con e-parent\" data-id=\"7357f7f\" data-element_type=\"container\">\n\t\t\t\t\t<div class=\"e-con-inner\">\n\t\t\t\t<div class=\"elementor-element elementor-element-3acde0c elementor-widget elementor-widget-text-editor\" data-id=\"3acde0c\" data-element_type=\"widget\" data-widget_type=\"text-editor.default\">\n\t\t\t\t<div class=\"elementor-widget-container\">\n\t\t\t<style>\/*! elementor - v3.23.0 - 05-08-2024 *\/\n.elementor-widget-text-editor.elementor-drop-cap-view-stacked .elementor-drop-cap{background-color:#69727d;color:#fff}.elementor-widget-text-editor.elementor-drop-cap-view-framed .elementor-drop-cap{color:#69727d;border:3px solid;background-color:transparent}.elementor-widget-text-editor:not(.elementor-drop-cap-view-default) .elementor-drop-cap{margin-top:8px}.elementor-widget-text-editor:not(.elementor-drop-cap-view-default) .elementor-drop-cap-letter{width:1em;height:1em}.elementor-widget-text-editor .elementor-drop-cap{float:left;text-align:center;line-height:1;font-size:50px}.elementor-widget-text-editor .elementor-drop-cap-letter{display:inline-block}<\/style>\t\t\t\t<p>Le projet passerelle est un projet propre \u00e0 l&rsquo;\u00e9quipe de la Goutrielle qui est propos\u00e9 \u00e0 certains b\u00e9n\u00e9ficiaires afin de pouvoir pr\u00e9parer leur passage du SRA vers le SLS. Ainsi, ce projet a pour but d&rsquo;accompagner un r\u00e9sident dans la construction et la r\u00e9alisation d&rsquo;apprentissages lui permettant,&nbsp; \u00e0 terme, de quitter le SRA. L&rsquo;accompagnement vise \u00e0 d\u00e9velopper ses comp\u00e9tences et \u00e0 gagner en autonomie de fa\u00e7on progressive tout en \u00e9tant encadr\u00e9 et soutenu par l&rsquo;\u00e9quipe \u00e9ducative.<\/p><p>Cette p\u00e9riode de transition permet \u00e0 nos b\u00e9n\u00e9ficiaires de pouvoir compter sur l&rsquo;aide et le soutien des \u00e9ducateurs du SRA mais \u00e9galement de pouvoir \u00e9tablir une relation de confiance avec les \u00e9ducateurs du SLS qui l&rsquo;accompagneront ensuite. Durant cette p\u00e9riode, nos b\u00e9n\u00e9ficiaires peuvent suivre des formations sp\u00e9cifiques dont l&rsquo;objectif est de viser l&rsquo;autonomie de la personne.<\/p><p>Ainsi, cette transition progressive permet \u00e0 nos b\u00e9n\u00e9ficiaires d&rsquo;exp\u00e9rimenter diff\u00e9rents aspects de la vie quotidienne comme la gestion du budget, l&rsquo;entretien de son logement, la pr\u00e9paration des diff\u00e9rents repas, l&rsquo;organisation des achats du quotidien,&#8230;<\/p>\t\t\t\t\t\t<\/div>\n\t\t\t\t<\/div>\n\t\t\t\t\t<\/div>\n\t\t\t\t<\/div>\n\t\t<div class=\"elementor-element elementor-element-757787c e-flex e-con-boxed e-con e-parent\" data-id=\"757787c\" data-element_type=\"container\">\n\t\t\t\t\t<div class=\"e-con-inner\">\n\t\t\t\t<div class=\"elementor-element elementor-element-c97cf07 elementor-arrows-position-inside elementor-pagination-position-outside elementor-widget elementor-widget-image-carousel\" data-id=\"c97cf07\" data-element_type=\"widget\" data-settings=\"{&quot;navigation&quot;:&quot;both&quot;,&quot;autoplay&quot;:&quot;yes&quot;,&quot;pause_on_hover&quot;:&quot;yes&quot;,&quot;pause_on_interaction&quot;:&quot;yes&quot;,&quot;autoplay_speed&quot;:5000,&quot;infinite&quot;:&quot;yes&quot;,&quot;speed&quot;:500}\" data-widget_type=\"image-carousel.default\">\n\t\t\t\t<div class=\"elementor-widget-container\">\n\t\t\t<style>\/*! elementor - v3.23.0 - 05-08-2024 *\/\n.elementor-widget-image-carousel .swiper,.elementor-widget-image-carousel .swiper-container{position:static}.elementor-widget-image-carousel .swiper-container .swiper-slide figure,.elementor-widget-image-carousel .swiper .swiper-slide figure{line-height:inherit}.elementor-widget-image-carousel .swiper-slide{text-align:center}.elementor-image-carousel-wrapper:not(.swiper-container-initialized):not(.swiper-initialized) .swiper-slide{max-width:calc(100% \/ var(--e-image-carousel-slides-to-show, 3))}<\/style>\t\t<div class=\"elementor-image-carousel-wrapper swiper\" dir=\"ltr\">\n\t\t\t<div class=\"elementor-image-carousel swiper-wrapper\" aria-live=\"off\">\n\t\t\t\t\t\t\t\t<div class=\"swiper-slide\" role=\"group\" aria-roledescription=\"slide\" aria-label=\"1 sur 3\"><figure class=\"swiper-slide-inner\"><img decoding=\"async\" class=\"swiper-slide-image\" src=\"https:\/\/www.asbllagoutrielle.be\/wp-content\/uploads\/2025\/06\/20240624_092506-150x150.jpg\" alt=\"20240624_092506\" \/><\/figure><\/div><div class=\"swiper-slide\" role=\"group\" aria-roledescription=\"slide\" aria-label=\"2 sur 3\"><figure class=\"swiper-slide-inner\"><img decoding=\"async\" class=\"swiper-slide-image\" src=\"https:\/\/www.asbllagoutrielle.be\/wp-content\/uploads\/2025\/06\/20220505_091744-150x150.jpg\" alt=\"20220505_091744\" \/><\/figure><\/div><div class=\"swiper-slide\" role=\"group\" aria-roledescription=\"slide\" aria-label=\"3 sur 3\"><figure class=\"swiper-slide-inner\"><img decoding=\"async\" class=\"swiper-slide-image\" src=\"https:\/\/www.asbllagoutrielle.be\/wp-content\/uploads\/2025\/06\/20220505_091817-150x150.jpg\" alt=\"20220505_091817\" \/><\/figure><\/div>\t\t\t<\/div>\n\t\t\t\t\t\t\t\t\t\t\t\t<div class=\"elementor-swiper-button elementor-swiper-button-prev\" role=\"button\" tabindex=\"0\">\n\t\t\t\t\t\t<svg aria-hidden=\"true\" class=\"e-font-icon-svg e-eicon-chevron-left\" viewBox=\"0 0 1000 1000\" xmlns=\"http:\/\/www.w3.org\/2000\/svg\"><path d=\"M646 125C629 125 613 133 604 142L308 442C296 454 292 471 292 487 292 504 296 521 308 533L604 854C617 867 629 875 646 875 663 875 679 871 692 858 704 846 713 829 713 812 713 796 708 779 692 767L438 487 692 225C700 217 708 204 708 187 708 171 704 154 692 142 675 129 663 125 646 125Z\"><\/path><\/svg>\t\t\t\t\t<\/div>\n\t\t\t\t\t<div class=\"elementor-swiper-button elementor-swiper-button-next\" role=\"button\" tabindex=\"0\">\n\t\t\t\t\t\t<svg aria-hidden=\"true\" class=\"e-font-icon-svg e-eicon-chevron-right\" viewBox=\"0 0 1000 1000\" xmlns=\"http:\/\/www.w3.org\/2000\/svg\"><path d=\"M696 533C708 521 713 504 713 487 713 471 708 454 696 446L400 146C388 133 375 125 354 125 338 125 325 129 313 142 300 154 292 171 292 187 292 204 296 221 308 233L563 492 304 771C292 783 288 800 288 817 288 833 296 850 308 863 321 871 338 875 354 875 371 875 388 867 400 854L696 533Z\"><\/path><\/svg>\t\t\t\t\t<\/div>\n\t\t\t\t\n\t\t\t\t\t\t\t\t\t<div class=\"swiper-pagination\"><\/div>\n\t\t\t\t\t\t\t\t\t<\/div>\n\t\t\t\t<\/div>\n\t\t\t\t<\/div>\n\t\t\t\t\t<\/div>\n\t\t\t\t<\/div>\n\t\t\t\t<\/div>\n\t\t","protected":false},"excerpt":{"rendered":"<p>Le projet passerelle, qu&rsquo;est-ce que c&rsquo;est ? Le projet passerelle est un projet propre \u00e0 l&rsquo;\u00e9quipe de la Goutrielle qui est propos\u00e9 \u00e0 certains b\u00e9n\u00e9ficiaires afin de pouvoir pr\u00e9parer leur passage du SRA vers le SLS. Ainsi, ce projet a pour but d&rsquo;accompagner un r\u00e9sident dans la construction et la r\u00e9alisation d&rsquo;apprentissages lui permettant,&nbsp; \u00e0 [&hellip;]<\/p>\n","protected":false},"author":1,"featured_media":0,"parent":58,"menu_order":0,"comment_status":"closed","ping_status":"closed","template":"","meta":{"footnotes":""},"class_list":["post-169","page","type-page","status-publish","hentry","post"],"_links":{"self":[{"href":"https:\/\/www.asbllagoutrielle.be\/index.php\/wp-json\/wp\/v2\/pages\/169","targetHints":{"allow":["GET"]}}],"collection":[{"href":"https:\/\/www.asbllagoutrielle.be\/index.php\/wp-json\/wp\/v2\/pages"}],"about":[{"href":"https:\/\/www.asbllagoutrielle.be\/index.php\/wp-json\/wp\/v2\/types\/page"}],"author":[{"embeddable":true,"href":"https:\/\/www.asbllagoutrielle.be\/index.php\/wp-json\/wp\/v2\/users\/1"}],"replies":[{"embeddable":true,"href":"https:\/\/www.asbllagoutrielle.be\/index.php\/wp-json\/wp\/v2\/comments?post=169"}],"version-history":[{"count":7,"href":"https:\/\/www.asbllagoutrielle.be\/index.php\/wp-json\/wp\/v2\/pages\/169\/revisions"}],"predecessor-version":[{"id":534,"href":"https:\/\/www.asbllagoutrielle.be\/index.php\/wp-json\/wp\/v2\/pages\/169\/revisions\/534"}],"up":[{"embeddable":true,"href":"https:\/\/www.asbllagoutrielle.be\/index.php\/wp-json\/wp\/v2\/pages\/58"}],"wp:attachment":[{"href":"https:\/\/www.asbllagoutrielle.be\/index.php\/wp-json\/wp\/v2\/media?parent=169"}],"curies":[{"name":"wp","href":"https:\/\/api.w.org\/{rel}","templated":true}]}}